{"id":1732,"date":"2023-07-07T08:42:09","date_gmt":"2023-07-07T06:42:09","guid":{"rendered":"https:\/\/laurentbenegui.fr\/?page_id=1732"},"modified":"2023-07-07T09:05:42","modified_gmt":"2023-07-07T07:05:42","slug":"le-bruit-de-la-terre-qui-tremble-2","status":"publish","type":"page","link":"https:\/\/laurentbenegui.fr\/index.php\/le-bruit-de-la-terre-qui-tremble-2\/","title":{"rendered":"Le bruit de la terre qui tremble"},"content":{"rendered":"\t\t<div data-elementor-type=\"wp-page\" data-elementor-id=\"1732\" class=\"elementor elementor-1732\">\n\t\t\t\t\t\t\t\t\t<section class=\"elementor-section elementor-top-section elementor-element elementor-element-0055ea7 elementor-section-boxed elementor-section-height-default elementor-section-height-default\" data-id=\"0055ea7\" data-element_type=\"section\">\n\t\t\t\t\t\t<div class=\"elementor-container elementor-column-gap-default\">\n\t\t\t\t\t<div class=\"elementor-column elementor-col-100 elementor-top-column elementor-element elementor-element-da4c26b\" data-id=\"da4c26b\" data-element_type=\"column\">\n\t\t\t<div class=\"elementor-widget-wrap elementor-element-populated\">\n\t\t\t\t\t\t\t\t<div class=\"elementor-element elementor-element-62e7fd7 elementor-widget elementor-widget-heading\" data-id=\"62e7fd7\" data-element_type=\"widget\" data-widget_type=\"heading.default\">\n\t\t\t\t<div class=\"elementor-widget-container\">\n\t\t\t<style>\/*! elementor - v3.6.0 - 21-03-2022 *\/\n.elementor-heading-title{padding:0;margin:0;line-height:1}.elementor-widget-heading .elementor-heading-title[class*=elementor-size-]>a{color:inherit;font-size:inherit;line-height:inherit}.elementor-widget-heading .elementor-heading-title.elementor-size-small{font-size:15px}.elementor-widget-heading .elementor-heading-title.elementor-size-medium{font-size:19px}.elementor-widget-heading .elementor-heading-title.elementor-size-large{font-size:29px}.elementor-widget-heading .elementor-heading-title.elementor-size-xl{font-size:39px}.elementor-widget-heading .elementor-heading-title.elementor-size-xxl{font-size:59px}<\/style><h1 class=\"elementor-heading-title elementor-size-default\">Le bruit de la terre qui tremble<\/h1>\t\t<\/div>\n\t\t\t\t<\/div>\n\t\t\t\t\t<\/div>\n\t\t<\/div>\n\t\t\t\t\t\t\t<\/div>\n\t\t<\/section>\n\t\t\t\t<section class=\"elementor-section elementor-top-section elementor-element elementor-element-8b26365 elementor-section-boxed elementor-section-height-default elementor-section-height-default\" data-id=\"8b26365\" data-element_type=\"section\">\n\t\t\t\t\t\t<div class=\"elementor-container elementor-column-gap-default\">\n\t\t\t\t\t<div class=\"elementor-column elementor-col-33 elementor-top-column elementor-element elementor-element-a586d3d\" data-id=\"a586d3d\" data-element_type=\"column\">\n\t\t\t<div class=\"elementor-widget-wrap elementor-element-populated\">\n\t\t\t\t\t\t\t\t<div class=\"elementor-element elementor-element-b84a4f2 elementor-widget elementor-widget-image\" data-id=\"b84a4f2\" data-element_type=\"widget\" data-widget_type=\"image.default\">\n\t\t\t\t<div class=\"elementor-widget-container\">\n\t\t\t<style>\/*! elementor - v3.6.0 - 21-03-2022 *\/\n.elementor-widget-image{text-align:center}.elementor-widget-image a{display:inline-block}.elementor-widget-image a img[src$=\".svg\"]{width:48px}.elementor-widget-image img{vertical-align:middle;display:inline-block}<\/style>\t\t\t\t\t\t\t\t\t\t\t\t\t<a href=\"https:\/\/laurentbenegui.fr\/wp-content\/uploads\/2023\/07\/Le-bruit-de-la-terre-qui-tremble.jpg\" data-elementor-open-lightbox=\"yes\" data-elementor-lightbox-title=\"Le bruit de la terre qui tremble\" e-action-hash=\"#elementor-action%3Aaction%3Dlightbox%26settings%3DeyJpZCI6MTczNCwidXJsIjoiaHR0cHM6XC9cL2xhdXJlbnRiZW5lZ3VpLmZyXC93cC1jb250ZW50XC91cGxvYWRzXC8yMDIzXC8wN1wvTGUtYnJ1aXQtZGUtbGEtdGVycmUtcXVpLXRyZW1ibGUuanBnIn0%3D\">\n\t\t\t\t\t\t\t<img width=\"723\" height=\"1024\" src=\"https:\/\/laurentbenegui.fr\/wp-content\/uploads\/2023\/07\/Le-bruit-de-la-terre-qui-tremble.jpg\" class=\"attachment-large size-large\" alt=\"\" loading=\"lazy\" srcset=\"https:\/\/laurentbenegui.fr\/wp-content\/uploads\/2023\/07\/Le-bruit-de-la-terre-qui-tremble.jpg 723w, https:\/\/laurentbenegui.fr\/wp-content\/uploads\/2023\/07\/Le-bruit-de-la-terre-qui-tremble-212x300.jpg 212w\" sizes=\"(max-width: 723px) 100vw, 723px\" \/>\t\t\t\t\t\t\t\t<\/a>\n\t\t\t\t\t\t\t\t\t\t\t\t\t\t\t<\/div>\n\t\t\t\t<\/div>\n\t\t\t\t\t<\/div>\n\t\t<\/div>\n\t\t\t\t<div class=\"elementor-column elementor-col-33 elementor-top-column elementor-element elementor-element-7674055\" data-id=\"7674055\" data-element_type=\"column\">\n\t\t\t<div class=\"elementor-widget-wrap\">\n\t\t\t\t\t\t\t\t\t<\/div>\n\t\t<\/div>\n\t\t\t\t<div class=\"elementor-column elementor-col-33 elementor-top-column elementor-element elementor-element-607e62e\" data-id=\"607e62e\" data-element_type=\"column\">\n\t\t\t<div class=\"elementor-widget-wrap elementor-element-populated\">\n\t\t\t\t\t\t\t\t<div class=\"elementor-element elementor-element-ab50c17 elementor-widget elementor-widget-text-editor\" data-id=\"ab50c17\" data-element_type=\"widget\" data-widget_type=\"text-editor.default\">\n\t\t\t\t<div class=\"elementor-widget-container\">\n\t\t\t<style>\/*! elementor - v3.6.0 - 21-03-2022 *\/\n.elementor-widget-text-editor.elementor-drop-cap-view-stacked .elementor-drop-cap{background-color:#818a91;color:#fff}.elementor-widget-text-editor.elementor-drop-cap-view-framed .elementor-drop-cap{color:#818a91;border:3px solid;background-color:transparent}.elementor-widget-text-editor:not(.elementor-drop-cap-view-default) .elementor-drop-cap{margin-top:8px}.elementor-widget-text-editor:not(.elementor-drop-cap-view-default) .elementor-drop-cap-letter{width:1em;height:1em}.elementor-widget-text-editor .elementor-drop-cap{float:left;text-align:center;line-height:1;font-size:50px}.elementor-widget-text-editor .elementor-drop-cap-letter{display:inline-block}<\/style>\t\t\t\t<p><span style=\"vertical-align: inherit;\"><span style=\"vertical-align: inherit;\"><span style=\"vertical-align: inherit;\"><span style=\"vertical-align: inherit;\"><span style=\"vertical-align: inherit;\"><span style=\"vertical-align: inherit;\"><span style=\"vertical-align: inherit;\"><span style=\"vertical-align: inherit;\"><span style=\"vertical-align: inherit;\"><span style=\"vertical-align: inherit;\"><span style=\"vertical-align: inherit;\"><span style=\"vertical-align: inherit;\"><span style=\"vertical-align: inherit;\"><span style=\"vertical-align: inherit;\"><span style=\"vertical-align: inherit;\"><span style=\"vertical-align: inherit;\"><span style=\"vertical-align: inherit;\"><span style=\"vertical-align: inherit;\">FICHE TECHNIQUE<br \/><\/span><\/span><\/span><\/span><\/span><\/span><\/span><\/span><\/span><\/span><\/span><\/span><\/span><\/span><\/span><\/span><\/span><\/span><span class=\"Style12\"><span class=\"Style17\"><span class=\"Style24\">&gt;<\/span>\u00a0Date de sortie :<\/span>\u00a0<span class=\"Style13\">Jamais<\/span><\/span><span class=\"Style12\"><span class=\"Style17\"><br \/><span class=\"Style24\">&gt;<\/span>\u00a0Sc\u00e9nario :<\/span>\u00a0<\/span><strong>Andr\u00e9 T\u00e9chin\u00e9, Gilles Taurand, Pascal Bonitzer, Laurent B\u00e9n\u00e9gui<\/strong><\/p><p><strong style=\"color: var( --e-global-color-text ); background-color: var(--nv-site-bg); font-size: var(--bodyFontSize); letter-spacing: var(--bodyLetterSpacing); text-transform: var(--bodyTextTransform);\"><span style=\"vertical-align: inherit;\"><span style=\"vertical-align: inherit;\"><span style=\"vertical-align: inherit;\"><span style=\"vertical-align: inherit;\"><span style=\"vertical-align: inherit;\"><span style=\"vertical-align: inherit;\"><span style=\"vertical-align: inherit;\"><span style=\"vertical-align: inherit;\"><span style=\"vertical-align: inherit;\"><span style=\"vertical-align: inherit;\"><span style=\"vertical-align: inherit;\"><span style=\"vertical-align: inherit;\"><span style=\"vertical-align: inherit;\"><span style=\"vertical-align: inherit;\"><span style=\"vertical-align: inherit;\"><span style=\"vertical-align: inherit;\">R\u00c9SUM\u00c9<br \/><\/span><\/span><\/span><\/span><\/span><\/span><\/span><\/span><\/span><\/span><\/span><\/span><\/span><\/span><\/span><\/span><\/strong><strong>Une m\u00e8re, c\u00e9l\u00e8bre actrice fran\u00e7aise, vient au Br\u00e9sil pour le mariage de son fils, qu&#8217;elle n&#8217;a pas revu depuis des ann\u00e9es. Lorsqu&#8217;elle arrive, il vient de se suicider. Elle rencontre celle qu&#8217;il devait \u00e9pouser. C&#8217;est l&#8217;occasion pour elle de partir sur ses traces et de s&#8217;\u00e9loigner de plus en plus du monde \u00e0 la recherche de la v\u00e9rit\u00e9.<\/strong><\/p>\t\t\t\t\t\t<\/div>\n\t\t\t\t<\/div>\n\t\t\t\t\t<\/div>\n\t\t<\/div>\n\t\t\t\t\t\t\t<\/div>\n\t\t<\/section>\n\t\t\t\t<section class=\"elementor-section elementor-top-section elementor-element elementor-element-9d1a3dc elementor-section-boxed elementor-section-height-default elementor-section-height-default\" data-id=\"9d1a3dc\" data-element_type=\"section\">\n\t\t\t\t\t\t<div class=\"elementor-container elementor-column-gap-default\">\n\t\t\t\t\t<div class=\"elementor-column elementor-col-100 elementor-top-column elementor-element elementor-element-2e0f6b6\" data-id=\"2e0f6b6\" data-element_type=\"column\">\n\t\t\t<div class=\"elementor-widget-wrap elementor-element-populated\">\n\t\t\t\t\t\t\t\t<div class=\"elementor-element elementor-element-737d2d9 elementor-widget-divider--view-line elementor-widget elementor-widget-divider\" data-id=\"737d2d9\" data-element_type=\"widget\" data-widget_type=\"divider.default\">\n\t\t\t\t<div class=\"elementor-widget-container\">\n\t\t\t<style>\/*! elementor - v3.6.0 - 21-03-2022 *\/\n.elementor-widget-divider{--divider-border-style:none;--divider-border-width:1px;--divider-color:#2c2c2c;--divider-icon-size:20px;--divider-element-spacing:10px;--divider-pattern-height:24px;--divider-pattern-size:20px;--divider-pattern-url:none;--divider-pattern-repeat:repeat-x}.elementor-widget-divider .elementor-divider{display:-webkit-box;display:-ms-flexbox;display:flex}.elementor-widget-divider .elementor-divider__text{font-size:15px;line-height:1;max-width:95%}.elementor-widget-divider .elementor-divider__element{margin:0 var(--divider-element-spacing);-ms-flex-negative:0;flex-shrink:0}.elementor-widget-divider .elementor-icon{font-size:var(--divider-icon-size)}.elementor-widget-divider .elementor-divider-separator{display:-webkit-box;display:-ms-flexbox;display:flex;margin:0;direction:ltr}.elementor-widget-divider--view-line_icon .elementor-divider-separator,.elementor-widget-divider--view-line_text .elementor-divider-separator{-webkit-box-align:center;-ms-flex-align:center;align-items:center}.elementor-widget-divider--view-line_icon .elementor-divider-separator:after,.elementor-widget-divider--view-line_icon .elementor-divider-separator:before,.elementor-widget-divider--view-line_text .elementor-divider-separator:after,.elementor-widget-divider--view-line_text .elementor-divider-separator:before{display:block;content:\"\";border-bottom:0;-webkit-box-flex:1;-ms-flex-positive:1;flex-grow:1;border-top:var(--divider-border-width) var(--divider-border-style) var(--divider-color)}.elementor-widget-divider--element-align-left .elementor-divider .elementor-divider-separator>.elementor-divider__svg:first-of-type{-webkit-box-flex:0;-ms-flex-positive:0;flex-grow:0;-ms-flex-negative:100;flex-shrink:100}.elementor-widget-divider--element-align-left .elementor-divider-separator:before{content:none}.elementor-widget-divider--element-align-left .elementor-divider__element{margin-left:0}.elementor-widget-divider--element-align-right .elementor-divider .elementor-divider-separator>.elementor-divider__svg:last-of-type{-webkit-box-flex:0;-ms-flex-positive:0;flex-grow:0;-ms-flex-negative:100;flex-shrink:100}.elementor-widget-divider--element-align-right .elementor-divider-separator:after{content:none}.elementor-widget-divider--element-align-right .elementor-divider__element{margin-right:0}.elementor-widget-divider:not(.elementor-widget-divider--view-line_text):not(.elementor-widget-divider--view-line_icon) .elementor-divider-separator{border-top:var(--divider-border-width) var(--divider-border-style) var(--divider-color)}.elementor-widget-divider--separator-type-pattern{--divider-border-style:none}.elementor-widget-divider--separator-type-pattern.elementor-widget-divider--view-line .elementor-divider-separator,.elementor-widget-divider--separator-type-pattern:not(.elementor-widget-divider--view-line) .elementor-divider-separator:after,.elementor-widget-divider--separator-type-pattern:not(.elementor-widget-divider--view-line) .elementor-divider-separator:before,.elementor-widget-divider--separator-type-pattern:not([class*=elementor-widget-divider--view]) .elementor-divider-separator{width:100%;min-height:var(--divider-pattern-height);-webkit-mask-size:var(--divider-pattern-size) 100%;mask-size:var(--divider-pattern-size) 100%;-webkit-mask-repeat:var(--divider-pattern-repeat);mask-repeat:var(--divider-pattern-repeat);background-color:var(--divider-color);-webkit-mask-image:var(--divider-pattern-url);mask-image:var(--divider-pattern-url)}.elementor-widget-divider--no-spacing{--divider-pattern-size:auto}.elementor-widget-divider--bg-round{--divider-pattern-repeat:round}.rtl .elementor-widget-divider .elementor-divider__text{direction:rtl}<\/style>\t\t<div class=\"elementor-divider\">\n\t\t\t<span class=\"elementor-divider-separator\">\n\t\t\t\t\t\t<\/span>\n\t\t<\/div>\n\t\t\t\t<\/div>\n\t\t\t\t<\/div>\n\t\t\t\t\t<\/div>\n\t\t<\/div>\n\t\t\t\t\t\t\t<\/div>\n\t\t<\/section>\n\t\t\t\t<section class=\"elementor-section elementor-top-section elementor-element elementor-element-8dc8cc7 elementor-section-boxed elementor-section-height-default elementor-section-height-default\" data-id=\"8dc8cc7\" data-element_type=\"section\">\n\t\t\t\t\t\t<div class=\"elementor-container elementor-column-gap-default\">\n\t\t\t\t\t<div class=\"elementor-column elementor-col-100 elementor-top-column elementor-element elementor-element-411a95c\" data-id=\"411a95c\" data-element_type=\"column\">\n\t\t\t<div class=\"elementor-widget-wrap elementor-element-populated\">\n\t\t\t\t\t\t\t\t<div class=\"elementor-element elementor-element-e628212 elementor-widget elementor-widget-heading\" data-id=\"e628212\" data-element_type=\"widget\" data-widget_type=\"heading.default\">\n\t\t\t\t<div class=\"elementor-widget-container\">\n\t\t\t<h3 class=\"elementor-heading-title elementor-size-default\">La gen\u00e8se de Le bruit de la terre qui tremble<\/h3>\t\t<\/div>\n\t\t\t\t<\/div>\n\t\t\t\t\t<\/div>\n\t\t<\/div>\n\t\t\t\t\t\t\t<\/div>\n\t\t<\/section>\n\t\t\t\t<section class=\"elementor-section elementor-top-section elementor-element elementor-element-7e82ae2 elementor-section-boxed elementor-section-height-default elementor-section-height-default\" data-id=\"7e82ae2\" data-element_type=\"section\">\n\t\t\t\t\t\t<div class=\"elementor-container elementor-column-gap-default\">\n\t\t\t\t\t<div class=\"elementor-column elementor-col-50 elementor-top-column elementor-element elementor-element-372acd8\" data-id=\"372acd8\" data-element_type=\"column\">\n\t\t\t<div class=\"elementor-widget-wrap elementor-element-populated\">\n\t\t\t\t\t\t\t\t<div class=\"elementor-element elementor-element-30d560f elementor-widget elementor-widget-text-editor\" data-id=\"30d560f\" data-element_type=\"widget\" data-widget_type=\"text-editor.default\">\n\t\t\t\t<div class=\"elementor-widget-container\">\n\t\t\t\t\t\t\t<p class=\"Style4\" align=\"justify\"><span class=\"Style32\">C<\/span>\u2019est le seul sc\u00e9nario que j\u2019ai \u00e9crit et qui ne s\u2019est pas tourn\u00e9, dont je parlerai ici (il y en a eu d\u2019autres). Pour deux raisons. A la fois pour rappeler qu\u2019un sc\u00e9nariste \u00e9crit de temps \u00e0 autre (ou souvent) des sc\u00e9narios qui ne deviennent pas des films. Le chemin est long et difficile qui m\u00e8ne du texte \u00e0 l\u2019image, et il arrive que m\u00eame des r\u00e9alisateurs de renom (ici, Andr\u00e9 T\u00e9chin\u00e9), ne parviennent pas \u00e0 faire exister leurs films.<br \/>Deuxi\u00e8me raison : mon respect pour Andr\u00e9 T\u00e9chin\u00e9, qui m\u2019a donn\u00e9 cette chance d\u2019\u00e9crire mon premier sc\u00e9nario professionnel et pour Gilles Taurand (sc\u00e9nariste et romancier) qui m\u2019a pr\u00e9sent\u00e9 \u00e0 Andr\u00e9 T\u00e9chin\u00e9. Celui-ci avait en t\u00eate de tourner un film au Br\u00e9sil avec Catherine Deneuve et Sandrine Bonnaire, le film \u00e9tait produit par Alain Sarde (il sera plus tard reprit par Michel Seydoux, avant d\u2019\u00eatre arr\u00eat\u00e9 en pr\u00e9paration). Apr\u00e8s m\u2019avoir fait passer un essai sous forme d\u2019une vingtaine de pages \u00e0 r\u00e9diger depuis son id\u00e9e originale, Andr\u00e9 m\u2019a engag\u00e9 et nous avons \u00e9crit ensemble une premi\u00e8re version de cette histoire. Dans un deuxi\u00e8me temps, Pascal Bonitzer, puis Gilles Taurand, ont particip\u00e9 \u00e0 l\u2019\u00e9criture de la version d\u00e9finitive. .<\/p><p class=\"Style4\" align=\"justify\">Le film devait se tourner en partie au fond de la jungle amazonienne. Mais il a \u00e9t\u00e9 arr\u00eat\u00e9 car le budget \u00e9tait trop important. Je dois \u00e0 Andr\u00e9 T\u00e9chin\u00e9 mon premier plongeon dans le bain des sc\u00e9naristes professionnels. Il m\u2019a aid\u00e9 \u00e0 croire que je pouvais \u00e9crire pour le cin\u00e9ma.<\/p>\t\t\t\t\t\t<\/div>\n\t\t\t\t<\/div>\n\t\t\t\t\t<\/div>\n\t\t<\/div>\n\t\t\t\t<div class=\"elementor-column elementor-col-50 elementor-top-column elementor-element elementor-element-751230e\" data-id=\"751230e\" data-element_type=\"column\">\n\t\t\t<div class=\"elementor-widget-wrap\">\n\t\t\t\t\t\t\t\t\t<\/div>\n\t\t<\/div>\n\t\t\t\t\t\t\t<\/div>\n\t\t<\/section>\n\t\t\t\t<section class=\"elementor-section elementor-top-section elementor-element elementor-element-bc2020c elementor-section-boxed elementor-section-height-default elementor-section-height-default\" data-id=\"bc2020c\" data-element_type=\"section\">\n\t\t\t\t\t\t<div class=\"elementor-container elementor-column-gap-default\">\n\t\t\t\t\t<div class=\"elementor-column elementor-col-100 elementor-top-column elementor-element elementor-element-88d898d\" data-id=\"88d898d\" data-element_type=\"column\">\n\t\t\t<div class=\"elementor-widget-wrap elementor-element-populated\">\n\t\t\t\t\t\t\t\t<div class=\"elementor-element elementor-element-ec2bf9b elementor-widget elementor-widget-spacer\" data-id=\"ec2bf9b\" data-element_type=\"widget\" data-widget_type=\"spacer.default\">\n\t\t\t\t<div class=\"elementor-widget-container\">\n\t\t\t<style>\/*! elementor - v3.6.0 - 21-03-2022 *\/\n.e-container.e-container--row .elementor-spacer-inner{width:var(--spacer-size)}.e-container.e-container--column .elementor-spacer-inner,.elementor-column .elementor-spacer-inner{height:var(--spacer-size)}<\/style>\t\t<div class=\"elementor-spacer\">\n\t\t\t<div class=\"elementor-spacer-inner\"><\/div>\n\t\t<\/div>\n\t\t\t\t<\/div>\n\t\t\t\t<\/div>\n\t\t\t\t\t<\/div>\n\t\t<\/div>\n\t\t\t\t\t\t\t<\/div>\n\t\t<\/section>\n\t\t\t\t\t\t\t<\/div>\n\t\t","protected":false},"excerpt":{"rendered":"<p>Le bruit de la terre qui tremble FICHE TECHNIQUE&gt;\u00a0Date de sortie :\u00a0Jamais&gt;\u00a0Sc\u00e9nario :\u00a0Andr\u00e9 T\u00e9chin\u00e9, Gilles Taurand, Pascal Bonitzer, Laurent B\u00e9n\u00e9gui R\u00c9SUM\u00c9Une m\u00e8re, c\u00e9l\u00e8bre actrice fran\u00e7aise, vient au Br\u00e9sil pour le mariage de son fils, qu&#8217;elle n&#8217;a pas revu depuis des ann\u00e9es. Lorsqu&#8217;elle arrive, il vient de se suicider. Elle rencontre celle qu&#8217;il devait \u00e9pouser. C&#8217;est&hellip;&nbsp;<a href=\"https:\/\/laurentbenegui.fr\/index.php\/le-bruit-de-la-terre-qui-tremble-2\/\" class=\"\" rel=\"bookmark\">Read More &raquo;<span class=\"screen-reader-text\">Le bruit de la terre qui tremble<\/span><\/a><\/p>\n","protected":false},"author":1,"featured_media":0,"parent":0,"menu_order":0,"comment_status":"closed","ping_status":"closed","template":"page-templates\/template-pagebuilder-full-width.php","meta":{"neve_meta_sidebar":"","neve_meta_container":"","neve_meta_enable_content_width":"","neve_meta_content_width":0,"neve_meta_title_alignment":"","neve_meta_author_avatar":"","neve_post_elements_order":"","neve_meta_disable_header":"","neve_meta_disable_footer":"","neve_meta_disable_title":""},"_links":{"self":[{"href":"https:\/\/laurentbenegui.fr\/index.php\/wp-json\/wp\/v2\/pages\/1732"}],"collection":[{"href":"https:\/\/laurentbenegui.fr\/index.php\/wp-json\/wp\/v2\/pages"}],"about":[{"href":"https:\/\/laurentbenegui.fr\/index.php\/wp-json\/wp\/v2\/types\/page"}],"author":[{"embeddable":true,"href":"https:\/\/laurentbenegui.fr\/index.php\/wp-json\/wp\/v2\/users\/1"}],"replies":[{"embeddable":true,"href":"https:\/\/laurentbenegui.fr\/index.php\/wp-json\/wp\/v2\/comments?post=1732"}],"version-history":[{"count":10,"href":"https:\/\/laurentbenegui.fr\/index.php\/wp-json\/wp\/v2\/pages\/1732\/revisions"}],"predecessor-version":[{"id":1749,"href":"https:\/\/laurentbenegui.fr\/index.php\/wp-json\/wp\/v2\/pages\/1732\/revisions\/1749"}],"wp:attachment":[{"href":"https:\/\/laurentbenegui.fr\/index.php\/wp-json\/wp\/v2\/media?parent=1732"}],"curies":[{"name":"wp","href":"https:\/\/api.w.org\/{rel}","templated":true}]}}