{"id":1954,"date":"2023-08-27T07:12:48","date_gmt":"2023-08-27T05:12:48","guid":{"rendered":"https:\/\/laurentbenegui.fr\/?page_id=1954"},"modified":"2024-01-04T17:43:10","modified_gmt":"2024-01-04T16:43:10","slug":"les-etoiles-doubles","status":"publish","type":"page","link":"https:\/\/laurentbenegui.fr\/index.php\/les-etoiles-doubles\/","title":{"rendered":"Les e\u0301toiles doubles"},"content":{"rendered":"\t\t<div data-elementor-type=\"wp-page\" data-elementor-id=\"1954\" class=\"elementor elementor-1954\">\n\t\t\t\t\t\t\t\t\t<section class=\"elementor-section elementor-top-section elementor-element elementor-element-a5fe6fb elementor-section-boxed elementor-section-height-default elementor-section-height-default\" data-id=\"a5fe6fb\" data-element_type=\"section\">\n\t\t\t\t\t\t<div class=\"elementor-container elementor-column-gap-default\">\n\t\t\t\t\t<div class=\"elementor-column elementor-col-100 elementor-top-column elementor-element elementor-element-fd4aa2d\" data-id=\"fd4aa2d\" data-element_type=\"column\">\n\t\t\t<div class=\"elementor-widget-wrap elementor-element-populated\">\n\t\t\t\t\t\t\t\t<div class=\"elementor-element elementor-element-8b231db elementor-widget elementor-widget-heading\" data-id=\"8b231db\" data-element_type=\"widget\" data-widget_type=\"heading.default\">\n\t\t\t\t<div class=\"elementor-widget-container\">\n\t\t\t<style>\/*! elementor - v3.6.0 - 21-03-2022 *\/\n.elementor-heading-title{padding:0;margin:0;line-height:1}.elementor-widget-heading .elementor-heading-title[class*=elementor-size-]>a{color:inherit;font-size:inherit;line-height:inherit}.elementor-widget-heading .elementor-heading-title.elementor-size-small{font-size:15px}.elementor-widget-heading .elementor-heading-title.elementor-size-medium{font-size:19px}.elementor-widget-heading .elementor-heading-title.elementor-size-large{font-size:29px}.elementor-widget-heading .elementor-heading-title.elementor-size-xl{font-size:39px}.elementor-widget-heading .elementor-heading-title.elementor-size-xxl{font-size:59px}<\/style><h1 class=\"elementor-heading-title elementor-size-default\">Les e\u0301toiles doubles<\/h1>\t\t<\/div>\n\t\t\t\t<\/div>\n\t\t\t\t\t<\/div>\n\t\t<\/div>\n\t\t\t\t\t\t\t<\/div>\n\t\t<\/section>\n\t\t\t\t<section class=\"elementor-section elementor-top-section elementor-element elementor-element-8e5f4d8 elementor-section-boxed elementor-section-height-default elementor-section-height-default\" data-id=\"8e5f4d8\" data-element_type=\"section\">\n\t\t\t\t\t\t<div class=\"elementor-container elementor-column-gap-default\">\n\t\t\t\t\t<div class=\"elementor-column elementor-col-33 elementor-top-column elementor-element elementor-element-a4afd88\" data-id=\"a4afd88\" data-element_type=\"column\">\n\t\t\t<div class=\"elementor-widget-wrap elementor-element-populated\">\n\t\t\t\t\t\t\t\t<div class=\"elementor-element elementor-element-d1bed1f elementor-widget elementor-widget-image\" data-id=\"d1bed1f\" data-element_type=\"widget\" data-widget_type=\"image.default\">\n\t\t\t\t<div class=\"elementor-widget-container\">\n\t\t\t<style>\/*! elementor - v3.6.0 - 21-03-2022 *\/\n.elementor-widget-image{text-align:center}.elementor-widget-image a{display:inline-block}.elementor-widget-image a img[src$=\".svg\"]{width:48px}.elementor-widget-image img{vertical-align:middle;display:inline-block}<\/style>\t\t\t\t\t\t\t\t\t\t\t\t\t<a href=\"https:\/\/laurentbenegui.fr\/wp-content\/uploads\/2023\/08\/L-Les-e\u0301toiles-doubles.jpg\" data-elementor-open-lightbox=\"yes\" data-elementor-lightbox-title=\"L-Les e\u0301toiles doubles\" e-action-hash=\"#elementor-action%3Aaction%3Dlightbox%26settings%3DeyJpZCI6MTk2MCwidXJsIjoiaHR0cHM6XC9cL2xhdXJlbnRiZW5lZ3VpLmZyXC93cC1jb250ZW50XC91cGxvYWRzXC8yMDIzXC8wOFwvTC1MZXMtZVx1MDMwMXRvaWxlcy1kb3VibGVzLmpwZyJ9\">\n\t\t\t\t\t\t\t<img width=\"563\" height=\"767\" src=\"https:\/\/laurentbenegui.fr\/wp-content\/uploads\/2023\/08\/L-Les-e\u0301toiles-doubles.jpg\" class=\"attachment-large size-large\" alt=\"\" loading=\"lazy\" srcset=\"https:\/\/laurentbenegui.fr\/wp-content\/uploads\/2023\/08\/L-Les-e\u0301toiles-doubles.jpg 563w, https:\/\/laurentbenegui.fr\/wp-content\/uploads\/2023\/08\/L-Les-e\u0301toiles-doubles-220x300.jpg 220w\" sizes=\"(max-width: 563px) 100vw, 563px\" \/>\t\t\t\t\t\t\t\t<\/a>\n\t\t\t\t\t\t\t\t\t\t\t\t\t\t\t<\/div>\n\t\t\t\t<\/div>\n\t\t\t\t<div class=\"elementor-element elementor-element-1e4d986 elementor-widget elementor-widget-image\" data-id=\"1e4d986\" data-element_type=\"widget\" data-widget_type=\"image.default\">\n\t\t\t\t<div class=\"elementor-widget-container\">\n\t\t\t\t\t\t\t\t\t\t\t\t\t\t\t\t<a href=\"https:\/\/www.placedeslibraires.fr\/livre\/9782260055075-les-etoiles-doubles-laurent-benegui\/\" target=\"_blank\">\n\t\t\t\t\t\t\t<img src=\"https:\/\/laurentbenegui.fr\/wp-content\/uploads\/elementor\/thumbs\/CCa-q762yf5k3orwf95ho2jff3qqa1sspk925burprvwfc.jpg\" title=\"C&#038;Ca\" alt=\"C&amp;Ca\" class=\"elementor-animation-grow\" \/>\t\t\t\t\t\t\t\t<\/a>\n\t\t\t\t\t\t\t\t\t\t\t\t\t\t\t<\/div>\n\t\t\t\t<\/div>\n\t\t\t\t\t<\/div>\n\t\t<\/div>\n\t\t\t\t<div class=\"elementor-column elementor-col-33 elementor-top-column elementor-element elementor-element-b300765\" data-id=\"b300765\" data-element_type=\"column\">\n\t\t\t<div class=\"elementor-widget-wrap\">\n\t\t\t\t\t\t\t\t\t<\/div>\n\t\t<\/div>\n\t\t\t\t<div class=\"elementor-column elementor-col-33 elementor-top-column elementor-element elementor-element-eb8f047\" data-id=\"eb8f047\" data-element_type=\"column\">\n\t\t\t<div class=\"elementor-widget-wrap elementor-element-populated\">\n\t\t\t\t\t\t\t\t<div class=\"elementor-element elementor-element-2845dee elementor-widget elementor-widget-text-editor\" data-id=\"2845dee\" data-element_type=\"widget\" data-widget_type=\"text-editor.default\">\n\t\t\t\t<div class=\"elementor-widget-container\">\n\t\t\t<style>\/*! elementor - v3.6.0 - 21-03-2022 *\/\n.elementor-widget-text-editor.elementor-drop-cap-view-stacked .elementor-drop-cap{background-color:#818a91;color:#fff}.elementor-widget-text-editor.elementor-drop-cap-view-framed .elementor-drop-cap{color:#818a91;border:3px solid;background-color:transparent}.elementor-widget-text-editor:not(.elementor-drop-cap-view-default) .elementor-drop-cap{margin-top:8px}.elementor-widget-text-editor:not(.elementor-drop-cap-view-default) .elementor-drop-cap-letter{width:1em;height:1em}.elementor-widget-text-editor .elementor-drop-cap{float:left;text-align:center;line-height:1;font-size:50px}.elementor-widget-text-editor .elementor-drop-cap-letter{display:inline-block}<\/style>\t\t\t\t<p><span style=\"vertical-align: inherit;\"><span style=\"vertical-align: inherit;\"><span style=\"vertical-align: inherit;\"><span style=\"vertical-align: inherit;\"><span style=\"vertical-align: inherit;\"><span style=\"vertical-align: inherit;\"><span style=\"vertical-align: inherit;\"><span style=\"vertical-align: inherit;\">&gt; Date de sortie : <strong>5 octobre 2023<\/strong><\/span><\/span><\/span><\/span><\/span><\/span><\/span><\/span><br \/><span style=\"vertical-align: inherit;\"><span style=\"vertical-align: inherit;\"><span style=\"vertical-align: inherit;\"><span style=\"vertical-align: inherit;\"><span style=\"vertical-align: inherit;\"><span style=\"vertical-align: inherit;\"><span style=\"vertical-align: inherit;\"><span style=\"vertical-align: inherit;\"> &gt; Editeur :\u00a0 <\/span><\/span><\/span><\/span><\/span><\/span><\/span><\/span><strong><a href=\"https:\/\/www.lisez.com\/livre-grand-format\/retour-a-cuba\/9782260032571\" target=\"_blank\" rel=\"noreferrer noopener\"><span style=\"vertical-align: inherit;\"><span style=\"vertical-align: inherit;\"><span style=\"vertical-align: inherit;\"><span style=\"vertical-align: inherit;\"><span style=\"vertical-align: inherit;\"><span style=\"vertical-align: inherit;\"><span style=\"vertical-align: inherit;\"><span style=\"vertical-align: inherit;\">Julliard<\/span><\/span><\/span><\/span><\/span><\/span><\/span><\/span><\/a><\/strong><em style=\"font-family: var(--headingsFontFamily),var(--nv-fallback-ff); font-size: var(--h5FontSize); font-weight: var(--h5FontWeight); letter-spacing: var(--h5LetterSpacing); text-transform: var(--h5TextTransform); color: var( --e-global-color-text ); background-color: var(--nv-site-bg);\"><span style=\"vertical-align: inherit;\"><span style=\"vertical-align: inherit;\"><span style=\"vertical-align: inherit;\"><span style=\"vertical-align: inherit;\"><span style=\"vertical-align: inherit;\"><span style=\"vertical-align: inherit;\"><span style=\"vertical-align: inherit;\"><span style=\"vertical-align: inherit;\"><span style=\"vertical-align: inherit;\"><span style=\"vertical-align: inherit;\">.<br \/><br \/><\/span><\/span><\/span><\/span><\/span><\/span><\/span><\/span><\/span><\/span><\/em><\/p><h4><span style=\"vertical-align: inherit;\"><span style=\"vertical-align: inherit;\"><span style=\"vertical-align: inherit;\"><span style=\"vertical-align: inherit;\"><span style=\"vertical-align: inherit;\"><span style=\"vertical-align: inherit;\"><span style=\"vertical-align: inherit;\"><span style=\"vertical-align: inherit;\">R\u00c9SUM\u00c9<\/span><\/span><\/span><\/span><\/span><\/span><\/span><\/span><\/h4><p class=\"p1\">En 1811, au Siam, deux fr\u00e8res jumeaux naissent, unis par le sternum. Gr\u00e2ce \u00e0 l\u2019amour inconditionnel de leur m\u00e8re ils grandissent \u00e0<span class=\"Apple-converted-space\">\u00a0 <\/span>l&#8217;abri du rejet et de l\u2019exclusion. Leur intelligence et leur agilit\u00e9 hors du commun attirent bient\u00f4t la convoitise d\u2019un marchand qui leur promet un prestigieux avenir en Occident. Jeunes adultes, Chang et Eng sont alors exhib\u00e9s tels des animaux de foire en Europe et en Am\u00e9rique. Inexorablement li\u00e9s, ils affrontent la cupidit\u00e9 et l\u2019obscurantisme, surmontant les pr\u00e9jug\u00e9s pour s&#8217;\u00e9manciper de leurs &#8220;protecteurs&#8221; et \u00e9pouser deux s\u0153urs audacieuses avec qui ils ont vingt et un enfants. Leur notori\u00e9t\u00e9 plan\u00e9taire est \u00e0 l&#8217;origine de l\u2019expression \u00ab\u00a0fr\u00e8res siamois\u00a0\u00bb.<\/p><p class=\"p1\">De la r\u00e9volution industrielle \u00e0 la guerre de S\u00e9cession, leur \u00e9pop\u00e9e m\u00eale les figures de la reine Victoria, de Geoffroy Saint-Hilaire, de Barnum et d\u2019Abraham Lincoln. Formidable plaidoyer pour le droit \u00e0 la diff\u00e9rence, elle r\u00e9sonne aujourd\u2019hui avec plus d&#8217;actualit\u00e9 que jamais.<\/p>\t\t\t\t\t\t<\/div>\n\t\t\t\t<\/div>\n\t\t\t\t\t<\/div>\n\t\t<\/div>\n\t\t\t\t\t\t\t<\/div>\n\t\t<\/section>\n\t\t\t\t<section class=\"elementor-section elementor-top-section elementor-element elementor-element-4efd729 elementor-section-boxed elementor-section-height-default elementor-section-height-default\" data-id=\"4efd729\" data-element_type=\"section\">\n\t\t\t\t\t\t<div class=\"elementor-container elementor-column-gap-default\">\n\t\t\t\t\t<div class=\"elementor-column elementor-col-100 elementor-top-column elementor-element elementor-element-ef21590\" data-id=\"ef21590\" data-element_type=\"column\">\n\t\t\t<div class=\"elementor-widget-wrap elementor-element-populated\">\n\t\t\t\t\t\t\t\t<div class=\"elementor-element elementor-element-4a044a4 elementor-widget-divider--view-line elementor-widget elementor-widget-divider\" data-id=\"4a044a4\" data-element_type=\"widget\" data-widget_type=\"divider.default\">\n\t\t\t\t<div class=\"elementor-widget-container\">\n\t\t\t<style>\/*! elementor - v3.6.0 - 21-03-2022 *\/\n.elementor-widget-divider{--divider-border-style:none;--divider-border-width:1px;--divider-color:#2c2c2c;--divider-icon-size:20px;--divider-element-spacing:10px;--divider-pattern-height:24px;--divider-pattern-size:20px;--divider-pattern-url:none;--divider-pattern-repeat:repeat-x}.elementor-widget-divider .elementor-divider{display:-webkit-box;display:-ms-flexbox;display:flex}.elementor-widget-divider .elementor-divider__text{font-size:15px;line-height:1;max-width:95%}.elementor-widget-divider .elementor-divider__element{margin:0 var(--divider-element-spacing);-ms-flex-negative:0;flex-shrink:0}.elementor-widget-divider .elementor-icon{font-size:var(--divider-icon-size)}.elementor-widget-divider .elementor-divider-separator{display:-webkit-box;display:-ms-flexbox;display:flex;margin:0;direction:ltr}.elementor-widget-divider--view-line_icon .elementor-divider-separator,.elementor-widget-divider--view-line_text .elementor-divider-separator{-webkit-box-align:center;-ms-flex-align:center;align-items:center}.elementor-widget-divider--view-line_icon .elementor-divider-separator:after,.elementor-widget-divider--view-line_icon .elementor-divider-separator:before,.elementor-widget-divider--view-line_text .elementor-divider-separator:after,.elementor-widget-divider--view-line_text .elementor-divider-separator:before{display:block;content:\"\";border-bottom:0;-webkit-box-flex:1;-ms-flex-positive:1;flex-grow:1;border-top:var(--divider-border-width) var(--divider-border-style) var(--divider-color)}.elementor-widget-divider--element-align-left .elementor-divider .elementor-divider-separator>.elementor-divider__svg:first-of-type{-webkit-box-flex:0;-ms-flex-positive:0;flex-grow:0;-ms-flex-negative:100;flex-shrink:100}.elementor-widget-divider--element-align-left .elementor-divider-separator:before{content:none}.elementor-widget-divider--element-align-left .elementor-divider__element{margin-left:0}.elementor-widget-divider--element-align-right .elementor-divider .elementor-divider-separator>.elementor-divider__svg:last-of-type{-webkit-box-flex:0;-ms-flex-positive:0;flex-grow:0;-ms-flex-negative:100;flex-shrink:100}.elementor-widget-divider--element-align-right .elementor-divider-separator:after{content:none}.elementor-widget-divider--element-align-right .elementor-divider__element{margin-right:0}.elementor-widget-divider:not(.elementor-widget-divider--view-line_text):not(.elementor-widget-divider--view-line_icon) .elementor-divider-separator{border-top:var(--divider-border-width) var(--divider-border-style) var(--divider-color)}.elementor-widget-divider--separator-type-pattern{--divider-border-style:none}.elementor-widget-divider--separator-type-pattern.elementor-widget-divider--view-line .elementor-divider-separator,.elementor-widget-divider--separator-type-pattern:not(.elementor-widget-divider--view-line) .elementor-divider-separator:after,.elementor-widget-divider--separator-type-pattern:not(.elementor-widget-divider--view-line) .elementor-divider-separator:before,.elementor-widget-divider--separator-type-pattern:not([class*=elementor-widget-divider--view]) .elementor-divider-separator{width:100%;min-height:var(--divider-pattern-height);-webkit-mask-size:var(--divider-pattern-size) 100%;mask-size:var(--divider-pattern-size) 100%;-webkit-mask-repeat:var(--divider-pattern-repeat);mask-repeat:var(--divider-pattern-repeat);background-color:var(--divider-color);-webkit-mask-image:var(--divider-pattern-url);mask-image:var(--divider-pattern-url)}.elementor-widget-divider--no-spacing{--divider-pattern-size:auto}.elementor-widget-divider--bg-round{--divider-pattern-repeat:round}.rtl .elementor-widget-divider .elementor-divider__text{direction:rtl}<\/style>\t\t<div class=\"elementor-divider\">\n\t\t\t<span class=\"elementor-divider-separator\">\n\t\t\t\t\t\t<\/span>\n\t\t<\/div>\n\t\t\t\t<\/div>\n\t\t\t\t<\/div>\n\t\t\t\t\t<\/div>\n\t\t<\/div>\n\t\t\t\t\t\t\t<\/div>\n\t\t<\/section>\n\t\t\t\t<section class=\"elementor-section elementor-top-section elementor-element elementor-element-f727535 elementor-section-boxed elementor-section-height-default elementor-section-height-default\" data-id=\"f727535\" data-element_type=\"section\" data-settings=\"{&quot;background_background&quot;:&quot;classic&quot;}\">\n\t\t\t\t\t\t<div class=\"elementor-container elementor-column-gap-default\">\n\t\t\t\t\t<div class=\"elementor-column elementor-col-100 elementor-top-column elementor-element elementor-element-9d588ed\" data-id=\"9d588ed\" data-element_type=\"column\">\n\t\t\t<div class=\"elementor-widget-wrap elementor-element-populated\">\n\t\t\t\t\t\t\t\t<div class=\"elementor-element elementor-element-081d08c elementor-widget elementor-widget-heading\" data-id=\"081d08c\" data-element_type=\"widget\" data-widget_type=\"heading.default\">\n\t\t\t\t<div class=\"elementor-widget-container\">\n\t\t\t<h3 class=\"elementor-heading-title elementor-size-default\">La presse et Les e\u0301toiles doubles<\/h3>\t\t<\/div>\n\t\t\t\t<\/div>\n\t\t\t\t\t<\/div>\n\t\t<\/div>\n\t\t\t\t\t\t\t<\/div>\n\t\t<\/section>\n\t\t\t\t<section class=\"elementor-section elementor-top-section elementor-element elementor-element-9b87224 elementor-section-boxed elementor-section-height-default elementor-section-height-default\" data-id=\"9b87224\" data-element_type=\"section\">\n\t\t\t\t\t\t<div class=\"elementor-container elementor-column-gap-default\">\n\t\t\t\t\t<div class=\"elementor-column elementor-col-100 elementor-top-column elementor-element elementor-element-30d3963\" data-id=\"30d3963\" data-element_type=\"column\">\n\t\t\t<div class=\"elementor-widget-wrap elementor-element-populated\">\n\t\t\t\t\t\t\t\t<div class=\"elementor-element elementor-element-463571d elementor-widget elementor-widget-text-editor\" data-id=\"463571d\" data-element_type=\"widget\" data-widget_type=\"text-editor.default\">\n\t\t\t\t<div class=\"elementor-widget-container\">\n\t\t\t\t\t\t\t<p><b><span style=\"vertical-align: inherit;\"><span style=\"vertical-align: inherit;\"><span style=\"vertical-align: inherit;\"><span style=\"vertical-align: inherit;\">Historiquement v\u00f4tre sur Europe 1 :\u00a0<\/span><\/span><\/span><\/span><\/b>St\u00e9phane Bern &#8221; Un grand \u00e9crivain en fait les h\u00e9ros de son nouveau roman !&#8221; <a href=\"https:\/\/www.youtube.com\/watch?v=Mlrj3L3W2N8\" target=\"_blank\" rel=\"noopener\">En savoir plus\u00a0<\/a><\/p><p><b><span style=\"vertical-align: inherit;\"><span style=\"vertical-align: inherit;\"><span style=\"vertical-align: inherit;\"><span style=\"vertical-align: inherit;\">Baz&#8217;Art : <\/span><\/span><\/span><\/span><\/b>&#8220;Historique, scientifique, instructif et humain &#8221; Les \u00e9toiles doubles &#8221; est un roman qui se lit d&#8217;une traite.&#8221; <a href=\"http:\/\/www.baz-art.org\/archives\/lectures\/index.html\" target=\"_blank\" rel=\"noopener\">En savoir plus<\/a><\/p><p><b><span style=\"vertical-align: inherit;\">Dan Burcea dans <i>Lettres Capitales<\/i>\u00a0: <\/span><\/b>&#8220;\u00c0 travers le r\u00e9cit de ces vies bouleversantes et boulevers\u00e9es, l\u2019auteur saisit toute l\u2019humanit\u00e9 qui d\u00e9borde de ces \u00eatres souvent rel\u00e9gu\u00e9s au rang de curiosit\u00e9s et de b\u00eates de cirque. Une parabole tr\u00e8s actuelle et l\u2019occasion de nous interroger sur nos relations aux autres, si diff\u00e9rents et pourtant si proches de nous-m\u00eames.&#8221;\u00a0 <a href=\"https:\/\/lettrescapitales.com\/interview-laurent-benegui-jai-imagine-leur-vie-comme-un-itineraire-qui-les-mene-du-refus-de-la-separation-au-desir-de-la-scission\/\" target=\"_blank\" rel=\"noopener\">En savoir plus<\/a><\/p><p><b><span style=\"vertical-align: inherit;\">Pierre Vavasseur dans <i>Le parisien<\/i> : <\/span><\/b>&#8220;La belle \u00e9criture de Laurent B\u00e9n\u00e9gui traque la moindre \u00e9motion. Son livre nous redit combien la diff\u00e9rence est d&#8217;abord une part infinie de l&#8217;humanit\u00e9.&#8221;<\/p><div><b><span style=\"vertical-align: inherit;\">Fr\u00e9d\u00e9rique Br\u00e9haut dans Le courrier de l&#8217;Ouest\u00a0: <\/span><\/b>&#8220;Outre le rappel des pr\u00e9jug\u00e9s, ce roman captivant aborde Chang et Eng comme deux singularit\u00e9s, quand bien m\u00eame leurs c\u0153urs battent \u00e0 l\u2019unisson. Avec tendresse, Laurent B\u00e9n\u00e9gui rend vie \u00e0 Chang et Eng, effac\u00e9s derri\u00e8re l\u2019expression fr\u00e8res siamois.&#8221;<\/div><div>\u00a0<\/div><div><b><span style=\"vertical-align: inherit;\">La caverne aux livres de Laety : <\/span><\/b>&#8220;Laurent B\u00e9n\u00e9gui m&#8217;a transport\u00e9 avec ce r\u00e9cit. J&#8217;ai \u00e9t\u00e9 fascin\u00e9e par le parcours de ses jumeaux siamois. J&#8217;ai vraiment \u00e9t\u00e9 transport\u00e9e avec ce roman que j&#8217;ai eu du mal \u00e0 l\u00e2cher avant de l&#8217;avoir termin\u00e9.&#8221; <a href=\"https:\/\/lacaverneauxlivresdelaety.blogspot.com\/2023\/12\/les-etoiles-doubles-de-laurent-benegui.html\" target=\"_blank\" rel=\"noopener\">En savoir plus<\/a><\/div><div>\u00a0<\/div>\t\t\t\t\t\t<\/div>\n\t\t\t\t<\/div>\n\t\t\t\t\t<\/div>\n\t\t<\/div>\n\t\t\t\t\t\t\t<\/div>\n\t\t<\/section>\n\t\t\t\t<section class=\"elementor-section elementor-top-section elementor-element elementor-element-815211a elementor-section-boxed elementor-section-height-default elementor-section-height-default\" data-id=\"815211a\" data-element_type=\"section\">\n\t\t\t\t\t\t<div class=\"elementor-container elementor-column-gap-default\">\n\t\t\t\t\t<div class=\"elementor-column elementor-col-100 elementor-top-column elementor-element elementor-element-dfee523\" data-id=\"dfee523\" data-element_type=\"column\">\n\t\t\t<div class=\"elementor-widget-wrap elementor-element-populated\">\n\t\t\t\t\t\t\t\t<div class=\"elementor-element elementor-element-1b8b5e5 elementor-widget elementor-widget-spacer\" data-id=\"1b8b5e5\" data-element_type=\"widget\" data-widget_type=\"spacer.default\">\n\t\t\t\t<div class=\"elementor-widget-container\">\n\t\t\t<style>\/*! elementor - v3.6.0 - 21-03-2022 *\/\n.e-container.e-container--row .elementor-spacer-inner{width:var(--spacer-size)}.e-container.e-container--column .elementor-spacer-inner,.elementor-column .elementor-spacer-inner{height:var(--spacer-size)}<\/style>\t\t<div class=\"elementor-spacer\">\n\t\t\t<div class=\"elementor-spacer-inner\"><\/div>\n\t\t<\/div>\n\t\t\t\t<\/div>\n\t\t\t\t<\/div>\n\t\t\t\t\t<\/div>\n\t\t<\/div>\n\t\t\t\t\t\t\t<\/div>\n\t\t<\/section>\n\t\t\t\t\t\t\t<\/div>\n\t\t","protected":false},"excerpt":{"rendered":"<p>Les e\u0301toiles doubles &gt; Date de sortie : 5 octobre 2023 &gt; Editeur :\u00a0 Julliard. R\u00c9SUM\u00c9 En 1811, au Siam, deux fr\u00e8res jumeaux naissent, unis par le sternum. Gr\u00e2ce \u00e0 l\u2019amour inconditionnel de leur m\u00e8re ils grandissent \u00e0\u00a0 l&#8217;abri du rejet et de l\u2019exclusion. Leur intelligence et leur agilit\u00e9 hors du commun attirent bient\u00f4t la&hellip;&nbsp;<a href=\"https:\/\/laurentbenegui.fr\/index.php\/les-etoiles-doubles\/\" class=\"\" rel=\"bookmark\">Read More &raquo;<span class=\"screen-reader-text\">Les e\u0301toiles doubles<\/span><\/a><\/p>\n","protected":false},"author":1,"featured_media":0,"parent":0,"menu_order":0,"comment_status":"closed","ping_status":"closed","template":"page-templates\/template-pagebuilder-full-width.php","meta":{"neve_meta_sidebar":"","neve_meta_container":"","neve_meta_enable_content_width":"","neve_meta_content_width":0,"neve_meta_title_alignment":"","neve_meta_author_avatar":"","neve_post_elements_order":"","neve_meta_disable_header":"","neve_meta_disable_footer":"","neve_meta_disable_title":""},"_links":{"self":[{"href":"https:\/\/laurentbenegui.fr\/index.php\/wp-json\/wp\/v2\/pages\/1954"}],"collection":[{"href":"https:\/\/laurentbenegui.fr\/index.php\/wp-json\/wp\/v2\/pages"}],"about":[{"href":"https:\/\/laurentbenegui.fr\/index.php\/wp-json\/wp\/v2\/types\/page"}],"author":[{"embeddable":true,"href":"https:\/\/laurentbenegui.fr\/index.php\/wp-json\/wp\/v2\/users\/1"}],"replies":[{"embeddable":true,"href":"https:\/\/laurentbenegui.fr\/index.php\/wp-json\/wp\/v2\/comments?post=1954"}],"version-history":[{"count":55,"href":"https:\/\/laurentbenegui.fr\/index.php\/wp-json\/wp\/v2\/pages\/1954\/revisions"}],"predecessor-version":[{"id":2099,"href":"https:\/\/laurentbenegui.fr\/index.php\/wp-json\/wp\/v2\/pages\/1954\/revisions\/2099"}],"wp:attachment":[{"href":"https:\/\/laurentbenegui.fr\/index.php\/wp-json\/wp\/v2\/media?parent=1954"}],"curies":[{"name":"wp","href":"https:\/\/api.w.org\/{rel}","templated":true}]}}